{"id":38303,"date":"2024-04-30T14:34:24","date_gmt":"2024-04-30T14:34:24","guid":{"rendered":"https:\/\/theme-dev.cmsmasters.net\/archdeco\/?page_id=38303"},"modified":"2024-07-22T12:51:11","modified_gmt":"2024-07-22T09:51:11","slug":"services","status":"publish","type":"page","link":"https:\/\/konsoltasarim.com\/index.php\/services\/","title":{"rendered":"Faaliyet alanlar\u0131"},"content":{"rendered":"\t\t<div data-elementor-type=\"wp-page\" data-elementor-id=\"38303\" class=\"elementor elementor-38303\">\n\t\t\t\t<div class=\"elementor-element elementor-element-2f25e3f e-con-full e-flex cmsmasters-block-default e-con e-parent\" data-id=\"2f25e3f\" data-element_type=\"container\">\n\t\t<div class=\"elementor-element elementor-element-c2d7094 e-con-full e-flex cmsmasters-block-default e-con e-child\" data-id=\"c2d7094\" data-element_type=\"container\" data-settings=\"{&quot;background_background&quot;:&quot;classic&quot;}\">\n\t\t<div class=\"elementor-element elementor-element-7e98229 e-con-full e-flex cmsmasters-block-default e-con e-child\" data-id=\"7e98229\" data-element_type=\"container\">\n\t\t\t\t<div class=\"elementor-element elementor-element-71288c3 cmsmasters-featured-box__graphic-align-left cmsmasters-featured-box__graphic-position-row cmsmasters-featured-box__graphic-position-v-middle elementor-widget__width-auto elementor-absolute cmsmasters-effect cmsmasters-effect-type-transform cmsmasters-featured-box__graphic-position-tablet-row cmsmasters-featured-box__graphic-position-mobile-row cmsmasters-featured-box__text-valign-middle cmsmasters-block-default cmsmasters-sticky-default elementor-widget elementor-widget-cmsmasters-featured-box\" data-id=\"71288c3\" data-element_type=\"widget\" data-settings=\"{&quot;_position&quot;:&quot;absolute&quot;,&quot;cms_transform_hover_type&quot;:&quot;element&quot;}\" data-widget_type=\"cmsmasters-featured-box.default\">\n\t\t\t\t<div class=\"elementor-widget-container\">\n\t\t\t<link rel=\"stylesheet\" href=\"https:\/\/konsoltasarim.com\/wp-content\/uploads\/elementor\/css\/cmsmasters-custom-widget-cmsmasters-featured-box.min.css?ver=1774683643\"><div class=\"elementor-widget-cmsmasters-featured-box__wrapper\"><div class=\"elementor-widget-cmsmasters-featured-box__content\">\n\t\t\t\t<div class=\"elementor-widget-cmsmasters-featured-box__content-vertical-inner\"><div class=\"elementor-widget-cmsmasters-featured-box__graphic-wrapper elementor-widget-cmsmasters-featured-box__content-item elementor-widget-cmsmasters-featured-box__icon\"><span class=\"elementor-widget-cmsmasters-featured-box__title elementor-widget-cmsmasters-featured-box__content-item\">Faaliyet Alanlar\u0131m\u0131z<\/span><div class=\"elementor-widget-cmsmasters-featured-box__icon-wrap elementor-widget-cmsmasters-featured-box__graphic-item\"><svg class=\"e-font-icon-svg e-fas-circle\" viewBox=\"0 0 512 512\" xmlns=\"http:\/\/www.w3.org\/2000\/svg\"><path d=\"M256 8C119 8 8 119 8 256s111 248 248 248 248-111 248-248S393 8 256 8z\"><\/path><\/svg><\/div><\/div><div class=\"elementor-widget-cmsmasters-featured-box__type-wrap elementor-widget-cmsmasters-featured-box__content-item\"><span class=\"elementor-widget-cmsmasters-featured-box__title elementor-widget-cmsmasters-featured-box__content-item\">Faaliyet Alanlar\u0131m\u0131z<\/span><\/div>\n\t\t\t\t<\/div>\n\t\t\t<\/div>\n\t\t<\/div>\t\t<\/div>\n\t\t\t\t<\/div>\n\t\t<div class=\"elementor-element elementor-element-26cfc38 e-flex e-con-boxed cmsmasters-block-default e-con e-child\" data-id=\"26cfc38\" data-element_type=\"container\">\n\t\t\t\t\t<div class=\"e-con-inner\">\n\t\t\t\t<div class=\"elementor-element elementor-element-b521e95 cmsmasters-block-default cmsmasters-sticky-default elementor-widget elementor-widget-heading\" data-id=\"b521e95\" data-element_type=\"widget\" data-widget_type=\"heading.default\">\n\t\t\t\t<div class=\"elementor-widget-container\">\n\t\t\t<style>\/*! elementor - v3.23.0 - 15-07-2024 *\/\n.elementor-heading-title{padding:0;margin:0;line-height:1}.elementor-widget-heading .elementor-heading-title[class*=elementor-size-]>a{color:inherit;font-size:inherit;line-height:inherit}.elementor-widget-heading .elementor-heading-title.elementor-size-small{font-size:15px}.elementor-widget-heading .elementor-heading-title.elementor-size-medium{font-size:19px}.elementor-widget-heading .elementor-heading-title.elementor-size-large{font-size:29px}.elementor-widget-heading .elementor-heading-title.elementor-size-xl{font-size:39px}.elementor-widget-heading .elementor-heading-title.elementor-size-xxl{font-size:59px}<\/style><h1 class=\"elementor-heading-title elementor-size-default\">Fikirlerinizi Hayata Ge\u00e7iriyoruz\n<\/h1>\t\t<\/div>\n\t\t\t\t<\/div>\n\t\t\t\t<div class=\"elementor-element elementor-element-3d3c9a6 cmsmasters-block-default cmsmasters-sticky-default elementor-widget elementor-widget-text-editor\" data-id=\"3d3c9a6\" data-element_type=\"widget\" data-widget_type=\"text-editor.default\">\n\t\t\t\t<div class=\"elementor-widget-container\">\n\t\t\t<style>\/*! elementor - v3.23.0 - 15-07-2024 *\/\n.elementor-widget-text-editor.elementor-drop-cap-view-stacked .elementor-drop-cap{background-color:#69727d;color:#fff}.elementor-widget-text-editor.elementor-drop-cap-view-framed .elementor-drop-cap{color:#69727d;border:3px solid;background-color:transparent}.elementor-widget-text-editor:not(.elementor-drop-cap-view-default) .elementor-drop-cap{margin-top:8px}.elementor-widget-text-editor:not(.elementor-drop-cap-view-default) .elementor-drop-cap-letter{width:1em;height:1em}.elementor-widget-text-editor .elementor-drop-cap{float:left;text-align:center;line-height:1;font-size:50px}.elementor-widget-text-editor .elementor-drop-cap-letter{display:inline-block}<\/style>\t\t\t\tM\u00fc\u015fterimin benzersiz ki\u015fili\u011fini yans\u0131tan g\u00fczel i\u00e7 ve d\u0131\u015f mekanlar yarat\u0131yoruz. Sadece bak\u0131lmak i\u00e7in de\u011fil, ya\u015fanmak i\u00e7in tasarlanan mekanlar. Sonsuza kadar evler, g\u00f6steri\u015fli evler de\u011fil.\t\t\t\t\t\t<\/div>\n\t\t\t\t<\/div>\n\t\t\t\t\t<\/div>\n\t\t\t\t<\/div>\n\t\t\t\t<\/div>\n\t\t\t\t<\/div>\n\t\t<div class=\"elementor-element elementor-element-96ec76f e-con-full e-flex cmsmasters-bg-hide-none cmsmasters-bg-hide-none cmsmasters-block-default e-con e-child\" data-id=\"96ec76f\" data-element_type=\"container\" data-settings=\"{&quot;background_background&quot;:&quot;classic&quot;}\">\n\t\t\t\t<div class=\"elementor-element elementor-element-ba147bb cmsmasters-block-default cmsmasters-sticky-default elementor-widget elementor-widget-spacer\" data-id=\"ba147bb\" data-element_type=\"widget\" data-widget_type=\"spacer.default\">\n\t\t\t\t<div class=\"elementor-widget-container\">\n\t\t\t<style>\/*! elementor - v3.23.0 - 15-07-2024 *\/\n.elementor-column .elementor-spacer-inner{height:var(--spacer-size)}.e-con{--container-widget-width:100%}.e-con-inner>.elementor-widget-spacer,.e-con>.elementor-widget-spacer{width:var(--container-widget-width,var(--spacer-size));--align-self:var(--container-widget-align-self,initial);--flex-shrink:0}.e-con-inner>.elementor-widget-spacer>.elementor-widget-container,.e-con>.elementor-widget-spacer>.elementor-widget-container{height:100%;width:100%}.e-con-inner>.elementor-widget-spacer>.elementor-widget-container>.elementor-spacer,.e-con>.elementor-widget-spacer>.elementor-widget-container>.elementor-spacer{height:100%}.e-con-inner>.elementor-widget-spacer>.elementor-widget-container>.elementor-spacer>.elementor-spacer-inner,.e-con>.elementor-widget-spacer>.elementor-widget-container>.elementor-spacer>.elementor-spacer-inner{height:var(--container-widget-height,var(--spacer-size))}.e-con-inner>.elementor-widget-spacer.elementor-widget-empty,.e-con>.elementor-widget-spacer.elementor-widget-empty{position:relative;min-height:22px;min-width:22px}.e-con-inner>.elementor-widget-spacer.elementor-widget-empty .elementor-widget-empty-icon,.e-con>.elementor-widget-spacer.elementor-widget-empty .elementor-widget-empty-icon{position:absolute;top:0;bottom:0;left:0;right:0;margin:auto;padding:0;width:22px;height:22px}<\/style>\t\t<div class=\"elementor-spacer\">\n\t\t\t<div class=\"elementor-spacer-inner\"><\/div>\n\t\t<\/div>\n\t\t\t\t<\/div>\n\t\t\t\t<\/div>\n\t\t\t\t<\/div>\n\t\t\t\t<\/div>\n\t\t<div class=\"elementor-element elementor-element-f89c50e e-flex e-con-boxed cmsmasters-block-default e-con e-parent\" data-id=\"f89c50e\" data-element_type=\"container\">\n\t\t\t\t\t<div class=\"e-con-inner\">\n\t\t<div class=\"elementor-element elementor-element-c9d7267 e-con-full e-flex cmsmasters-block-default e-con e-child\" data-id=\"c9d7267\" data-element_type=\"container\">\n\t\t\t\t<div class=\"elementor-element elementor-element-d445a1c elementor-view-default cmsmasters-block-default cmsmasters-sticky-default elementor-widget elementor-widget-icon\" data-id=\"d445a1c\" data-element_type=\"widget\" data-widget_type=\"icon.default\">\n\t\t\t\t<div class=\"elementor-widget-container\">\n\t\t\t\t\t<div class=\"elementor-icon-wrapper\">\n\t\t\t<div class=\"elementor-icon\">\n\t\t\t<i aria-hidden=\"true\" class=\"cmsdemo-icon- cms-demo-icon-blueprint-2\"><\/i>\t\t\t<\/div>\n\t\t<\/div>\n\t\t\t\t<\/div>\n\t\t\t\t<\/div>\n\t\t\t\t<div class=\"elementor-element elementor-element-3608e65 cmsmasters-block-default cmsmasters-sticky-default elementor-widget elementor-widget-heading\" data-id=\"3608e65\" data-element_type=\"widget\" data-widget_type=\"heading.default\">\n\t\t\t\t<div class=\"elementor-widget-container\">\n\t\t\t<h2 class=\"elementor-heading-title elementor-size-default\">Anahtar Teslim Hizmetler & Koordinasyon<\/h2>\t\t<\/div>\n\t\t\t\t<\/div>\n\t\t\t\t<div class=\"elementor-element elementor-element-7378a72 cmsmasters-block-default cmsmasters-sticky-default elementor-widget elementor-widget-text-editor\" data-id=\"7378a72\" data-element_type=\"widget\" data-widget_type=\"text-editor.default\">\n\t\t\t\t<div class=\"elementor-widget-container\">\n\t\t\t\t\t\t\t\u0130\u015flerin sorunsuz, b\u00fct\u00e7e dahilinde ve zaman\u0131nda ilerlemesini sa\u011flamak i\u00e7in deneyimimizi ve uzmanl\u0131k becerilerimizi kullan\u0131r\u0131z. \u0130leriyi planl\u0131yoruz. \u0130ki kez \u00f6l\u00e7\u00fcn, bir kez kesin.\t\t\t\t\t\t<\/div>\n\t\t\t\t<\/div>\n\t\t<div class=\"elementor-element elementor-element-148ca10 e-con-full e-flex cmsmasters-block-default e-con e-child\" data-id=\"148ca10\" data-element_type=\"container\">\n\t\t<div class=\"elementor-element elementor-element-b1d1018 e-con-full e-flex cmsmasters-block-default e-con e-child\" data-id=\"b1d1018\" data-element_type=\"container\">\n\t\t\t\t<div class=\"elementor-element elementor-element-77a38a8 elementor-widget-widescreen__width-initial cmsmasters-block-default cmsmasters-sticky-default elementor-widget elementor-widget-text-editor\" data-id=\"77a38a8\" data-element_type=\"widget\" data-widget_type=\"text-editor.default\">\n\t\t\t\t<div class=\"elementor-widget-container\">\n\t\t\t\t\t\t\t<p>* Cephe Kaplamalari<br \/>* Su Yalitimi isleri<br \/>* Yapisal Celik Imalatlari<br \/>* Saha betonu d\u00f6k\u00fcm isleri<br \/>* Cevre D\u00fczenleme ve Altyapi isleri<br \/>* Ahsap kapi imalat ve montaj isleri<br \/>* Yapisal Betonarme Imalatlari<br \/>* Mutfak tezgah isleri<br \/>* Proje Y\u00f6netimi Hizmetleri<br \/>* Al\u00fcminyum korkuluk isleri<br \/>* Projelendirme Hizmetleri<br \/>* Paslanmaz korkuluk isleri<br \/>* Kaba siva isleri<br \/>* Pvc dograma isleri<br \/>* Ince siva isleri<br \/>* Al\u00fcminyum Dograma isleri<br \/>* Al\u00e7i siva isleri<br \/>* Yangin kapisi isleri<br \/>* Boya isleri<br \/>* Celik kapi isleri<br \/>* Kartonpiyer isleri<br \/>* Elektrikli tente kapama isleri<br \/>* Betopan uygulamalari<br \/>* Lamine-laminat parke isleri<br \/>* Sap d\u00f6k\u00fcm isleri<br \/>* Karo Hall isleri<br \/>* Parke montaj isleri<br \/>* Perde isleri<br \/>* Asma tavan isleri<br \/>* Ahsap kaplama imalatlari<br \/>* Al\u00e7ipan montaj isleri<\/p>\t\t\t\t\t\t<\/div>\n\t\t\t\t<\/div>\n\t\t\t\t<\/div>\n\t\t<div class=\"elementor-element elementor-element-22396a5 e-con-full e-flex cmsmasters-block-default e-con e-child\" data-id=\"22396a5\" data-element_type=\"container\">\n\t\t\t\t<div class=\"elementor-element elementor-element-6a74425 elementor-widget-widescreen__width-initial cmsmasters-block-default cmsmasters-sticky-default elementor-widget elementor-widget-text-editor\" data-id=\"6a74425\" data-element_type=\"widget\" data-widget_type=\"text-editor.default\">\n\t\t\t\t<div class=\"elementor-widget-container\">\n\t\t\t\t\t\t\t<p>* Su Yalitimi isleri<br \/>* Yapisal Celik Imalatlari<br \/>* Saha betonu d\u00f6k\u00fcm isleri<br \/>* Cevre D\u00fczenleme ve Altyapi isleri<br \/>* Ahsap kapi imalat ve montaj isleri<br \/>* Yapisal Betonarme Imalatlari<br \/>* Mutfak tezgah isleri<br \/>* Proje Y\u00f6netimi Hizmetleri<br \/>* Al\u00fcminyum korkuluk isleri<br \/>* Projelendirme Hizmetleri<br \/>* Paslanmaz korkuluk isleri<br \/>* Kaba siva isleri<br \/>* Pvc dograma isleri<br \/>* Ince siva isleri<br \/>* Al\u00fcminyum Dograma isleri<br \/>* Al\u00e7i siva isleri<br \/>* Yangin kapisi isleri<br \/>* Boya isleri<br \/>* Celik kapi isleri<br \/>* Kartonpiyer isleri<br \/>* Elektrikli tente kapama isleri<br \/>* Betopan uygulamalari<br \/>* Lamine-laminat parke isleri<br \/>* Sap d\u00f6k\u00fcm isleri<br \/>* Karo Hall isleri<br \/>* Parke montaj isleri<br \/>* Perde isleri<br \/>* Asma tavan isleri<br \/>* Ahsap kaplama imalatlari<\/p>\t\t\t\t\t\t<\/div>\n\t\t\t\t<\/div>\n\t\t\t\t<\/div>\n\t\t\t\t<\/div>\n\t\t\t\t<\/div>\n\t\t<div class=\"elementor-element elementor-element-a4ca996 e-con-full e-flex cmsmasters-bg-hide-none cmsmasters-bg-hide-none cmsmasters-block-default e-con e-child\" data-id=\"a4ca996\" data-element_type=\"container\" data-settings=\"{&quot;background_background&quot;:&quot;classic&quot;}\">\n\t\t\t\t<div class=\"elementor-element elementor-element-d076519 cmsmasters-block-default cmsmasters-sticky-default elementor-widget elementor-widget-spacer\" data-id=\"d076519\" data-element_type=\"widget\" data-widget_type=\"spacer.default\">\n\t\t\t\t<div class=\"elementor-widget-container\">\n\t\t\t\t\t<div class=\"elementor-spacer\">\n\t\t\t<div class=\"elementor-spacer-inner\"><\/div>\n\t\t<\/div>\n\t\t\t\t<\/div>\n\t\t\t\t<\/div>\n\t\t\t\t<\/div>\n\t\t\t\t\t<\/div>\n\t\t\t\t<\/div>\n\t\t\t\t<\/div>\n\t\t","protected":false},"excerpt":{"rendered":"<p>Faaliyet Alanlar\u0131m\u0131zFaaliyet Alanlar\u0131m\u0131z Fikirlerinizi Hayata Ge\u00e7iriyoruz M\u00fc\u015fterimin benzersiz ki\u015fili\u011fini yans\u0131tan g\u00fczel i\u00e7 ve d\u0131\u015f mekanlar yarat\u0131yoruz. Sadece bak\u0131lmak i\u00e7in de\u011fil, ya\u015fanmak i\u00e7in tasarlanan mekanlar. Sonsuza kadar evler, g\u00f6steri\u015fli evler de\u011fil. Anahtar Teslim Hizmetler &#038; Koordinasyon \u0130\u015flerin sorunsuz, b\u00fct\u00e7e dahilinde ve zaman\u0131nda ilerlemesini sa\u011flamak i\u00e7in deneyimimizi ve uzmanl\u0131k becerilerimizi kullan\u0131r\u0131z. \u0130leriyi planl\u0131yoruz. \u0130ki kez \u00f6l\u00e7\u00fcn, bir&#8230;<\/p>\n","protected":false},"author":1,"featured_media":0,"parent":0,"menu_order":0,"comment_status":"closed","ping_status":"closed","template":"","meta":{"_acf_changed":false,"footnotes":""},"class_list":["post-38303","page","type-page","status-publish","hentry"],"acf":[],"_links":{"self":[{"href":"https:\/\/konsoltasarim.com\/index.php\/wp-json\/wp\/v2\/pages\/38303","targetHints":{"allow":["GET"]}}],"collection":[{"href":"https:\/\/konsoltasarim.com\/index.php\/wp-json\/wp\/v2\/pages"}],"about":[{"href":"https:\/\/konsoltasarim.com\/index.php\/wp-json\/wp\/v2\/types\/page"}],"author":[{"embeddable":true,"href":"https:\/\/konsoltasarim.com\/index.php\/wp-json\/wp\/v2\/users\/1"}],"replies":[{"embeddable":true,"href":"https:\/\/konsoltasarim.com\/index.php\/wp-json\/wp\/v2\/comments?post=38303"}],"version-history":[{"count":6,"href":"https:\/\/konsoltasarim.com\/index.php\/wp-json\/wp\/v2\/pages\/38303\/revisions"}],"predecessor-version":[{"id":40655,"href":"https:\/\/konsoltasarim.com\/index.php\/wp-json\/wp\/v2\/pages\/38303\/revisions\/40655"}],"wp:attachment":[{"href":"https:\/\/konsoltasarim.com\/index.php\/wp-json\/wp\/v2\/media?parent=38303"}],"curies":[{"name":"wp","href":"https:\/\/api.w.org\/{rel}","templated":true}]}}