{"id":36788,"date":"2024-04-24T17:44:28","date_gmt":"2024-04-24T17:44:28","guid":{"rendered":"https:\/\/theme-dev.cmsmasters.net\/archdeco\/?page_id=36788"},"modified":"2024-07-22T14:54:23","modified_gmt":"2024-07-22T11:54:23","slug":"contacts","status":"publish","type":"page","link":"https:\/\/konsoltasarim.com\/index.php\/contacts\/","title":{"rendered":"\u0130leti\u015fim"},"content":{"rendered":"\t\t<div data-elementor-type=\"wp-page\" data-elementor-id=\"36788\" class=\"elementor elementor-36788\">\n\t\t\t\t<div class=\"elementor-element elementor-element-db08bd2 e-con-full e-flex cmsmasters-block-default e-con e-parent\" data-id=\"db08bd2\" data-element_type=\"container\">\n\t\t<div class=\"elementor-element elementor-element-665b377 e-con-full e-flex cmsmasters-block-default e-con e-child\" data-id=\"665b377\" data-element_type=\"container\" data-settings=\"{&quot;background_background&quot;:&quot;classic&quot;}\">\n\t\t<div class=\"elementor-element elementor-element-dcb23d2 e-con-full e-flex cmsmasters-block-default e-con e-child\" data-id=\"dcb23d2\" data-element_type=\"container\">\n\t\t\t\t<div class=\"elementor-element elementor-element-cf8fed8 cmsmasters-featured-box__graphic-align-left cmsmasters-featured-box__graphic-position-row cmsmasters-featured-box__graphic-position-v-middle elementor-widget__width-auto elementor-absolute cmsmasters-effect cmsmasters-effect-type-transform cmsmasters-featured-box__graphic-position-tablet-row cmsmasters-featured-box__graphic-position-mobile-row cmsmasters-featured-box__text-valign-top cmsmasters-block-default cmsmasters-sticky-default elementor-widget elementor-widget-cmsmasters-featured-box\" data-id=\"cf8fed8\" data-element_type=\"widget\" data-settings=\"{&quot;_position&quot;:&quot;absolute&quot;,&quot;cms_transform_hover_type&quot;:&quot;element&quot;}\" data-widget_type=\"cmsmasters-featured-box.default\">\n\t\t\t\t<div class=\"elementor-widget-container\">\n\t\t\t<link rel=\"stylesheet\" href=\"https:\/\/konsoltasarim.com\/wp-content\/uploads\/elementor\/css\/cmsmasters-custom-widget-cmsmasters-featured-box.min.css?ver=1774683643\"><div class=\"elementor-widget-cmsmasters-featured-box__wrapper\"><div class=\"elementor-widget-cmsmasters-featured-box__content\">\n\t\t\t\t<div class=\"elementor-widget-cmsmasters-featured-box__content-vertical-inner\"><div class=\"elementor-widget-cmsmasters-featured-box__graphic-wrapper elementor-widget-cmsmasters-featured-box__content-item elementor-widget-cmsmasters-featured-box__icon\"><span class=\"elementor-widget-cmsmasters-featured-box__title elementor-widget-cmsmasters-featured-box__content-item\">\u0130leti\u015fim<\/span><div class=\"elementor-widget-cmsmasters-featured-box__icon-wrap elementor-widget-cmsmasters-featured-box__graphic-item\"><svg class=\"e-font-icon-svg e-fas-circle\" viewBox=\"0 0 512 512\" xmlns=\"http:\/\/www.w3.org\/2000\/svg\"><path d=\"M256 8C119 8 8 119 8 256s111 248 248 248 248-111 248-248S393 8 256 8z\"><\/path><\/svg><\/div><\/div><div class=\"elementor-widget-cmsmasters-featured-box__type-wrap elementor-widget-cmsmasters-featured-box__content-item\"><span class=\"elementor-widget-cmsmasters-featured-box__title elementor-widget-cmsmasters-featured-box__content-item\">\u0130leti\u015fim<\/span><\/div>\n\t\t\t\t<\/div>\n\t\t\t<\/div>\n\t\t<\/div>\t\t<\/div>\n\t\t\t\t<\/div>\n\t\t<div class=\"elementor-element elementor-element-64ba3c3 e-flex e-con-boxed cmsmasters-block-default e-con e-child\" data-id=\"64ba3c3\" data-element_type=\"container\">\n\t\t\t\t\t<div class=\"e-con-inner\">\n\t\t\t\t<div class=\"elementor-element elementor-element-9758fc6 cmsmasters-block-default cmsmasters-sticky-default elementor-widget elementor-widget-heading\" data-id=\"9758fc6\" data-element_type=\"widget\" data-widget_type=\"heading.default\">\n\t\t\t\t<div class=\"elementor-widget-container\">\n\t\t\t<style>\/*! elementor - v3.23.0 - 15-07-2024 *\/\n.elementor-heading-title{padding:0;margin:0;line-height:1}.elementor-widget-heading .elementor-heading-title[class*=elementor-size-]>a{color:inherit;font-size:inherit;line-height:inherit}.elementor-widget-heading .elementor-heading-title.elementor-size-small{font-size:15px}.elementor-widget-heading .elementor-heading-title.elementor-size-medium{font-size:19px}.elementor-widget-heading .elementor-heading-title.elementor-size-large{font-size:29px}.elementor-widget-heading .elementor-heading-title.elementor-size-xl{font-size:39px}.elementor-widget-heading .elementor-heading-title.elementor-size-xxl{font-size:59px}<\/style><h1 class=\"elementor-heading-title elementor-size-default\">Size \u00d6zel Tasar\u0131m \u00c7\u00f6z\u00fcmleri \u0130\u00e7in Bize Ula\u015f\u0131n<\/h1>\t\t<\/div>\n\t\t\t\t<\/div>\n\t\t\t\t\t<\/div>\n\t\t\t\t<\/div>\n\t\t\t\t<\/div>\n\t\t\t\t<\/div>\n\t\t<div class=\"elementor-element elementor-element-54b2add e-con-full e-flex cmsmasters-block-default e-con e-child\" data-id=\"54b2add\" data-element_type=\"container\" data-settings=\"{&quot;background_background&quot;:&quot;classic&quot;}\">\n\t\t\t\t<div class=\"elementor-element elementor-element-28efec6 cmsmasters-block-default cmsmasters-sticky-default elementor-widget elementor-widget-google_maps\" data-id=\"28efec6\" data-element_type=\"widget\" data-widget_type=\"google_maps.default\">\n\t\t\t\t<div class=\"elementor-widget-container\">\n\t\t\t<style>\/*! elementor - v3.23.0 - 15-07-2024 *\/\n.elementor-widget-google_maps .elementor-widget-container{overflow:hidden}.elementor-widget-google_maps .elementor-custom-embed{line-height:0}.elementor-widget-google_maps iframe{height:300px}<\/style>\t\t<div class=\"elementor-custom-embed\">\n\t\t\t<iframe loading=\"lazy\"\n\t\t\t\t\tsrc=\"https:\/\/maps.google.com\/maps?q=BA%C4%9ELICA%20MH.%20ET%C4%B0MESGUT%20BULV.%20NO%3A50%2FE%20ET%C4%B0MESGUT%20ANKARA&#038;t=m&#038;z=11&#038;output=embed&#038;iwloc=near\"\n\t\t\t\t\ttitle=\"BA\u011eLICA MH. ET\u0130MESGUT BULV. NO:50\/E ET\u0130MESGUT ANKARA\"\n\t\t\t\t\taria-label=\"BA\u011eLICA MH. ET\u0130MESGUT BULV. NO:50\/E ET\u0130MESGUT ANKARA\"\n\t\t\t><\/iframe>\n\t\t<\/div>\n\t\t\t\t<\/div>\n\t\t\t\t<\/div>\n\t\t\t\t<\/div>\n\t\t\t\t<\/div>\n\t\t\t\t<\/div>\n\t\t","protected":false},"excerpt":{"rendered":"<p>\u0130leti\u015fim\u0130leti\u015fim Size \u00d6zel Tasar\u0131m \u00c7\u00f6z\u00fcmleri \u0130\u00e7in Bize Ula\u015f\u0131n<\/p>\n","protected":false},"author":1,"featured_media":0,"parent":0,"menu_order":0,"comment_status":"closed","ping_status":"closed","template":"","meta":{"_acf_changed":false,"footnotes":""},"class_list":["post-36788","page","type-page","status-publish","hentry"],"acf":[],"_links":{"self":[{"href":"https:\/\/konsoltasarim.com\/index.php\/wp-json\/wp\/v2\/pages\/36788","targetHints":{"allow":["GET"]}}],"collection":[{"href":"https:\/\/konsoltasarim.com\/index.php\/wp-json\/wp\/v2\/pages"}],"about":[{"href":"https:\/\/konsoltasarim.com\/index.php\/wp-json\/wp\/v2\/types\/page"}],"author":[{"embeddable":true,"href":"https:\/\/konsoltasarim.com\/index.php\/wp-json\/wp\/v2\/users\/1"}],"replies":[{"embeddable":true,"href":"https:\/\/konsoltasarim.com\/index.php\/wp-json\/wp\/v2\/comments?post=36788"}],"version-history":[{"count":17,"href":"https:\/\/konsoltasarim.com\/index.php\/wp-json\/wp\/v2\/pages\/36788\/revisions"}],"predecessor-version":[{"id":40782,"href":"https:\/\/konsoltasarim.com\/index.php\/wp-json\/wp\/v2\/pages\/36788\/revisions\/40782"}],"wp:attachment":[{"href":"https:\/\/konsoltasarim.com\/index.php\/wp-json\/wp\/v2\/media?parent=36788"}],"curies":[{"name":"wp","href":"https:\/\/api.w.org\/{rel}","templated":true}]}}